{"id":169,"date":"2014-02-23T19:42:24","date_gmt":"2014-02-23T17:42:24","guid":{"rendered":"http:\/\/www.spd-schwerte-nord.de\/?page_id=169"},"modified":"2023-03-02T11:45:05","modified_gmt":"2023-03-02T10:45:05","slug":"chronik","status":"publish","type":"page","link":"https:\/\/www.spd-ortsverein-noerdliches-schwerte-holzen.de\/?page_id=169","title":{"rendered":"Chronik"},"content":{"rendered":"<p><a href=\"http:\/\/www.spd-schwerte-nord.de\/wp-content\/uploads\/2022\/01\/WhatsApp-Image-2022-01-19-at-17.10.41.jpeg\"><img loading=\"lazy\" decoding=\"async\" class=\"size-medium wp-image-5191 aligncenter\" src=\"http:\/\/www.spd-schwerte-nord.de\/wp-content\/uploads\/2022\/01\/WhatsApp-Image-2022-01-19-at-17.10.41-300x300.jpeg\" alt=\"\" width=\"300\" height=\"300\" srcset=\"https:\/\/www.spd-ortsverein-noerdliches-schwerte-holzen.de\/wp-content\/uploads\/2022\/01\/WhatsApp-Image-2022-01-19-at-17.10.41-300x300.jpeg 300w, https:\/\/www.spd-ortsverein-noerdliches-schwerte-holzen.de\/wp-content\/uploads\/2022\/01\/WhatsApp-Image-2022-01-19-at-17.10.41-150x150.jpeg 150w, https:\/\/www.spd-ortsverein-noerdliches-schwerte-holzen.de\/wp-content\/uploads\/2022\/01\/WhatsApp-Image-2022-01-19-at-17.10.41-768x768.jpeg 768w, https:\/\/www.spd-ortsverein-noerdliches-schwerte-holzen.de\/wp-content\/uploads\/2022\/01\/WhatsApp-Image-2022-01-19-at-17.10.41-60x60.jpeg 60w, https:\/\/www.spd-ortsverein-noerdliches-schwerte-holzen.de\/wp-content\/uploads\/2022\/01\/WhatsApp-Image-2022-01-19-at-17.10.41.jpeg 1024w\" sizes=\"auto, (max-width: 300px) 100vw, 300px\" \/><\/a><\/p>\n<p><span style=\"color: #ff0000;\"><strong>Ortsverein SPD-Nord<\/strong><\/span><\/p>\n<p>In den 50er und 60er Jahren bildete sich in Schwerte ein sehr gro\u00dfer Ortsverein mit \u00fcber 750 Mitgliedern, die in den Ortsgruppen Mitte, Ost und Nord zusammengefasst waren. 1965 \u00fcbernahm Hans Schneider den Vorsitz dieses gro\u00dfen Ortsvereins, Heinz Zimmer war sein Stellvertreter. Zu dieser Zeit war Dr. Horst Kn\u00f6pke Vorsitzender der Ortsgruppe Nord. Am 7.11. 1974 wurde auf einer au\u00dferordentlichen Hauptversammlung der neue SPD-Ortsverein Schwerte-Nord unter der Leitung von Heinz Zimmer gebildet.<\/p>\n<p>Am 22.01.2022 kam es zur Fusion mit Nord und Holzen in Zukunft sind wir:<\/p>\n<p><span style=\"color: #ff0000;\"><strong>SPD-Ortsverein N\u00f6rdliches Schwerte und Holzen<\/strong><\/span><\/p>\n<p><span style=\"text-decoration: underline;\">Vorsitzende des Ortsvereins Schwerte Nord:<\/span><\/p>\n<p>Dr. Horst Kn\u00f6pke, seit ca. 1960 Vorsitzender der Ortsgruppe Nord<\/p>\n<p>Heinz Zimmer 1974 &#8211; 1979<\/p>\n<p>Hubert Freist\u00fchler 1979 &#8211; 2010<\/p>\n<p>Bernd Engelhardt 18.2. 2010 &#8211; 02.05.2017<\/p>\n<p>Christian Struwe seit 02.05.2017-04.03.2020<\/p>\n<p>Jens Krammenschneider-Hunscha seit 04.03.2020 &#8211;<\/p>\n<p><strong><span style=\"color: #ff0000;\"><span class=\"s2\"><span class=\"bumpedFont15\">Chronik OV Schwerte-Holzen<\/span><\/span><span class=\"s2\"><span class=\"bumpedFont15\"> 1975-2022<\/span><\/span><\/span><\/strong><\/p>\n<p>Die ehemals selbstst\u00e4ndige Gemeinde Holzen, die zum Amt Westhofen geh\u00f6rte, wurde im Zuge der kommunalen Neuordnung von 1975 in die Ortsteile Dortmund-Holzen und Schwerte-Holzen geteilt.<\/p>\n<p>Grenze ist die Autobahn A1.<\/p>\n<p>Durch die Teilung von Holzen in einen Dortmunder und einen Schwerter Teil kam es 1975 zur Gr\u00fcndung des SPD-Ortsvereins Schwerte-Holzen.<\/p>\n<p>Erster Vorsitzender war von 1975 bis 1987 Fritz Reininghaus.<\/p>\n<p>Es folgten:<br \/>\n-Jochen Schlechtinger-Hoffmann von 1987 bis 1994<br \/>\n-Rolf von L\u00fcnen von 1993 bis 1995<br \/>\n-Heiko Haarmann von 1995 bis 1999<br \/>\n-Inge Lagemann von 1999 bis 2005<br \/>\n-Reinhild Hoffmann von 2005 bis zum Zusammenschluss mit dem SPD-Ortsverein Nord im Jahr 2022.<\/p>\n<p>Ratsmitglieder f\u00fcr Holzen waren\/sind Inge Lagemann, Helmut Lindner, Reiner M\u00fcller, Katrin Bauer, Reinhild Hoffmann und Uwe G\u00f6rke-Gott.<\/p>\n<p>Von 1995 bis 2005 war die Holzener Sozialdemokratin Inge Lagemann Landtagsabgeordnete.<\/p>\n<p>&#8212;&#8212;&#8212;&#8212;&#8212;&#8212;&#8212;&#8212;&#8212;&#8212;&#8212;&#8212;&#8212;&#8212;&#8212;&#8212;&#8212;&#8212;&#8212;&#8212;<\/p>\n<p><span style=\"text-decoration: underline;\">Ratsmitglieder des SPD-OV Schwerte Nord<\/span><\/p>\n<p>Hubert Freist\u00fchler&nbsp; 1979 &#8211; 2009<\/p>\n<p>Hans Schneider 1975 &#8211;<\/p>\n<p>Hans Vo\u00df 1979 &#8211; 1989<\/p>\n<p>Dieter Luyken 1979 &#8211; 1989<\/p>\n<p>Rolf Schmerbeck 1984<\/p>\n<p>Karl Edwin S\u00fcrig 1989 &#8211; 1994<\/p>\n<p>Walter Branghofer 1994<\/p>\n<p>Doris J\u00e4nner 1992 &#8211; 1999<\/p>\n<p>Angelika Capobianco 1999-2009<\/p>\n<p>Domenico Capobianco 2009<\/p>\n<p>Karl-Friedrich Pautz seit 2009<\/p>\n<p>Angelika Schr\u00f6der seit 2014<\/p>\n<p>Uwe G\u00f6rke-Gott seit 2020<\/p>\n<p>Arnd Joeres seit 2020<\/p>\n<p>Marc Seelbach seit 2020<\/p>\n<p>Reinhild Hoffmann vom OV Holzen seit der Fusion 2022 nun f\u00fcr OV Nord\/Holzen<\/p>\n<p>&#8212;&#8212;&#8212;&#8212;&#8212;&#8212;&#8212;&#8212;&#8212;&#8212;&#8212;&#8212;&#8212;&#8212;&#8212;&#8212;&#8212;&#8212;&#8212;&#8212;<\/p>\n<p><span style=\"text-decoration: underline;\">Fraktionsvorsitzende des SPD-OV Schwerte-Nord<\/span><\/p>\n<p>Hubert Freist\u00fchler<\/p>\n<p>Angelika Schr\u00f6der seit 2014<\/p>\n<p>&#8212;&#8212;&#8212;&#8212;&#8212;&#8212;&#8212;&#8212;&#8212;&#8212;&#8212;&#8212;&#8212;&#8212;&#8212;&#8212;&#8212;&#8212;&#8212;&#8212;<\/p>\n<p><span style=\"text-decoration: underline;\">Stadtverbandsvorsitzende des SPD-OV Schwerte-Nord&nbsp;<\/span><\/p>\n<p>Hubert Freist\u00fchler<\/p>\n<p>Heinz Haggeney&nbsp;<\/p>\n<p>&#8212;&#8212;&#8212;&#8212;&#8212;&#8212;&#8212;&#8212;&#8212;&#8212;&#8212;&#8212;&#8212;&#8212;&#8212;&#8212;&#8212;&#8212;&#8212;&#8212;<\/p>\n<p><span style=\"text-decoration: underline;\">Kreistagsabgeordnete des SPD-OV Schwerte Nord<\/span><\/p>\n<p>Dieter Luyken 1989 &#8211; 1991<\/p>\n<p>Bernd Engelhardt 1991 \u2013 1999 und seit 2004<\/p>\n<p><span style=\"text-decoration: underline;\">Leitende Genossen der Ortsgruppe Schwerte Nord nach dem 2. Weltkrieg<\/span><\/p>\n<p>Gebhard \u00d6ser, geb. 1913 in Th\u00fcringen, Parteieintritt 1948<\/p>\n<p>Ratsmitglied in Schwerte von 1948 bis 1974<\/p>\n<p>Stellvertretender B\u00fcrgermeister und Fraktionsvorsitzender der SPD-Fraktion<\/p>\n<p>Mitglied des Kreistages in Iserlohn<\/p>\n<p>Albert Wengenroth, B\u00fcrgermeister in Schwerte<\/p>\n<p>Friedel Wengenroth, Vorsitzender der SPD-Fraktion im Rat der Stadt Schwerte<\/p>\n<p>Dr. Horst Kn\u00f6pke wohnte in der Heidstra\u00dfe<\/p>\n<p>Von 1966 bis 1980 stellv. B\u00fcrgermeister in Schwerte<\/p>\n<p>Von 1966 bis 1975 Mitglied des Landtages von NRW in D\u00fcsseldorf<\/p>\n<p>&nbsp;<\/p>\n","protected":false},"excerpt":{"rendered":"<p>Ortsverein SPD-Nord In den 50er und 60er Jahren bildete sich in Schwerte ein sehr gro\u00dfer Ortsverein mit \u00fcber 750 Mitgliedern, die in den Ortsgruppen Mitte, Ost und Nord zusammengefasst waren. 1965 \u00fcbernahm Hans Schneider den Vorsitz dieses gro\u00dfen Ortsvereins, Heinz Zimmer war sein Stellvertreter. Zu dieser Zeit war Dr. Horst Kn\u00f6pke Vorsitzender der Ortsgruppe Nord. [&hellip;]<\/p>\n","protected":false},"author":4,"featured_media":0,"parent":0,"menu_order":2,"comment_status":"closed","ping_status":"open","template":"","meta":{"footnotes":""},"class_list":["post-169","page","type-page","status-publish","hentry"],"_links":{"self":[{"href":"https:\/\/www.spd-ortsverein-noerdliches-schwerte-holzen.de\/index.php?rest_route=\/wp\/v2\/pages\/169","targetHints":{"allow":["GET"]}}],"collection":[{"href":"https:\/\/www.spd-ortsverein-noerdliches-schwerte-holzen.de\/index.php?rest_route=\/wp\/v2\/pages"}],"about":[{"href":"https:\/\/www.spd-ortsverein-noerdliches-schwerte-holzen.de\/index.php?rest_route=\/wp\/v2\/types\/page"}],"author":[{"embeddable":true,"href":"https:\/\/www.spd-ortsverein-noerdliches-schwerte-holzen.de\/index.php?rest_route=\/wp\/v2\/users\/4"}],"replies":[{"embeddable":true,"href":"https:\/\/www.spd-ortsverein-noerdliches-schwerte-holzen.de\/index.php?rest_route=%2Fwp%2Fv2%2Fcomments&post=169"}],"version-history":[{"count":8,"href":"https:\/\/www.spd-ortsverein-noerdliches-schwerte-holzen.de\/index.php?rest_route=\/wp\/v2\/pages\/169\/revisions"}],"predecessor-version":[{"id":5873,"href":"https:\/\/www.spd-ortsverein-noerdliches-schwerte-holzen.de\/index.php?rest_route=\/wp\/v2\/pages\/169\/revisions\/5873"}],"wp:attachment":[{"href":"https:\/\/www.spd-ortsverein-noerdliches-schwerte-holzen.de\/index.php?rest_route=%2Fwp%2Fv2%2Fmedia&parent=169"}],"curies":[{"name":"wp","href":"https:\/\/api.w.org\/{rel}","templated":true}]}}