{"id":22,"date":"2014-02-12T10:32:24","date_gmt":"2014-02-12T08:32:24","guid":{"rendered":"http:\/\/www.spd-schwerte-nord.de\/?page_id=22"},"modified":"2025-12-30T14:07:53","modified_gmt":"2025-12-30T13:07:53","slug":"termine","status":"publish","type":"page","link":"https:\/\/www.spd-ortsverein-noerdliches-schwerte-holzen.de\/?page_id=22","title":{"rendered":"Termine"},"content":{"rendered":"<p><span style=\"color: #ff0000;\"><u><strong>SPD OV N\u00f6rdliches Schwerte und Holzen Ortsverein Termine <\/strong><\/u><\/span><\/p>\n<p style=\"text-align: center;\"><strong><span style=\"color: #ff0000;\">Termine\u00a0<\/span><\/strong><\/p>\n<p>*Jahrestermine Ortsverein N\u00f6rdliches Schwerte und Holzen 2026*<\/p>\n<p>&#8211; Do, 19.02.\u2002m\u00f6V<\/p>\n<p>&#8211; Di, 17.03.\u2002\u2002MV<\/p>\n<p>&#8211; Mi, 15.04.\u2002m\u00f6V<\/p>\n<p>&#8211; Mi, 27.05.\u2002MV<\/p>\n<p>&#8211; Do, 25.06. \u2002m\u00f6V<\/p>\n<p>&#8211; Di, 08.09.\u2002\u2002JHV (mit Vorstandswahlen)<\/p>\n<p>&#8211; Mi, 07.10.\u2002\u2002m\u00f6V<\/p>\n<p>&#8211; Do, 12.11.\u2002\u2002MV<\/p>\n<p>&#8211; Fr, 11.12.\u2002\u2002\u2002m\u00f6V (Weihnachtsessen)<\/p>\n<div>Zur Erkl\u00e4rung der Abk\u00fcrzungen<\/div>\n<div><b><br \/>\nMV<\/b>\u00a0(Mitgliederversammlung\/ nur hier d\u00fcrfen Personal oder Delegationen gew\u00e4hlt werden\/ 4x im Jahr, eine davon als JHV)<\/div>\n<div dir=\"ltr\"><b>m\u00f6V<\/b>\u00a0(mitglieder\u00f6ffentliche Vorstandssitzung\/ unsere ganz regul\u00e4re Ortsvereinssitzung)<\/div>\n<div dir=\"ltr\"><b>JHV<\/b>\u00a0(Jahreshauptversammlung\/ 2026 mit Vorstandswahlen)<\/div>\n<p>&nbsp;<\/p>\n<p>&nbsp;<\/p>\n<p>&nbsp;<\/p>\n<p>&nbsp;<\/p>\n<p>&nbsp;<\/p>\n<p>&nbsp;<\/p>\n<p>&nbsp;<\/p>\n<p><b><span style=\"color: #b00000; font-family: Calibri;\">\u00a0<\/span><\/b><\/p>\n<p><b>\u00a0<\/b><\/p>\n<p><b><span style=\"color: #b00000; font-family: Calibri;\">\u00a0<\/span><\/b><\/p>\n<p>&nbsp;<\/p>\n<p>&nbsp;<\/p>\n<p><b><span style=\"color: #b00000; font-family: Calibri;\">\u00a0<\/span><\/b><\/p>\n<p><span style=\"color: #b00440; font-family: Times New Roman;\">\u00a0<\/span><\/p>\n<p>&nbsp;<\/p>\n","protected":false},"excerpt":{"rendered":"<p>SPD OV N\u00f6rdliches Schwerte und Holzen Ortsverein Termine Termine\u00a0 *Jahrestermine Ortsverein N\u00f6rdliches Schwerte und Holzen 2026* &#8211; Do, 19.02.\u2002m\u00f6V &#8211; Di, 17.03.\u2002\u2002MV &#8211; Mi, 15.04.\u2002m\u00f6V &#8211; Mi, 27.05.\u2002MV &#8211; Do, 25.06. \u2002m\u00f6V &#8211; Di, 08.09.\u2002\u2002JHV (mit Vorstandswahlen) &#8211; Mi, 07.10.\u2002\u2002m\u00f6V &#8211; Do, 12.11.\u2002\u2002MV &#8211; Fr, 11.12.\u2002\u2002\u2002m\u00f6V (Weihnachtsessen) Zur Erkl\u00e4rung der Abk\u00fcrzungen MV\u00a0(Mitgliederversammlung\/ nur hier d\u00fcrfen [&hellip;]<\/p>\n","protected":false},"author":4,"featured_media":0,"parent":0,"menu_order":3,"comment_status":"closed","ping_status":"open","template":"","meta":{"footnotes":""},"class_list":["post-22","page","type-page","status-publish","hentry"],"_links":{"self":[{"href":"https:\/\/www.spd-ortsverein-noerdliches-schwerte-holzen.de\/index.php?rest_route=\/wp\/v2\/pages\/22","targetHints":{"allow":["GET"]}}],"collection":[{"href":"https:\/\/www.spd-ortsverein-noerdliches-schwerte-holzen.de\/index.php?rest_route=\/wp\/v2\/pages"}],"about":[{"href":"https:\/\/www.spd-ortsverein-noerdliches-schwerte-holzen.de\/index.php?rest_route=\/wp\/v2\/types\/page"}],"author":[{"embeddable":true,"href":"https:\/\/www.spd-ortsverein-noerdliches-schwerte-holzen.de\/index.php?rest_route=\/wp\/v2\/users\/4"}],"replies":[{"embeddable":true,"href":"https:\/\/www.spd-ortsverein-noerdliches-schwerte-holzen.de\/index.php?rest_route=%2Fwp%2Fv2%2Fcomments&post=22"}],"version-history":[{"count":126,"href":"https:\/\/www.spd-ortsverein-noerdliches-schwerte-holzen.de\/index.php?rest_route=\/wp\/v2\/pages\/22\/revisions"}],"predecessor-version":[{"id":10795,"href":"https:\/\/www.spd-ortsverein-noerdliches-schwerte-holzen.de\/index.php?rest_route=\/wp\/v2\/pages\/22\/revisions\/10795"}],"wp:attachment":[{"href":"https:\/\/www.spd-ortsverein-noerdliches-schwerte-holzen.de\/index.php?rest_route=%2Fwp%2Fv2%2Fmedia&parent=22"}],"curies":[{"name":"wp","href":"https:\/\/api.w.org\/{rel}","templated":true}]}}