{"id":24,"date":"2014-02-12T10:33:09","date_gmt":"2014-02-12T08:33:09","guid":{"rendered":"http:\/\/www.spd-schwerte-nord.de\/?page_id=24"},"modified":"2024-03-12T21:37:04","modified_gmt":"2024-03-12T20:37:04","slug":"vorstand","status":"publish","type":"page","link":"https:\/\/www.spd-ortsverein-noerdliches-schwerte-holzen.de\/?page_id=24","title":{"rendered":"Vorstand"},"content":{"rendered":"<p><b>Vorsitzender<\/b><\/p>\n<p>Jens Krammenschneider-Hunscha<\/p>\n<p><b>stellvertretender Vorsitzender<\/b><\/p>\n<p>Marc Seelbach<\/p>\n<p><b>stellvertretende Vorsitzende<\/b><\/p>\n<p>Afitap Bozkurt-Ogniwek<\/p>\n<p><b>Kassiererin<\/b><\/p>\n<p>Angelika Schr\u00f6der<\/p>\n<p>Susanne Grocholl und Jochen Schlechtinger wurden f\u00fcr die Kassenpr\u00fcfung gew\u00e4hlt.<\/p>\n<p><b>Schriftf\u00fchrer<\/b><\/p>\n<p><b>Patrick Neumann<\/b><\/p>\n<p>Stellv. Schriftf\u00fchrer<\/p>\n<p>Kai Ogniwek<\/p>\n<p><strong>Internetbeauftragter\/ Soziale Medien\/\u00a0<\/strong><\/p>\n<p>Uwe G\u00f6rke-Gott<\/p>\n<p><b>Beisitzer*innen des Vorstands sind:<\/b><\/p>\n<div dir=\"auto\"><strong>Anna Koolmees, Elke Haarmann, Georg Grocholl, Karl Materla, Kathrin Hinz, Reinhild Hoffmann und Ulrike Radix.<\/strong><\/div>\n<div dir=\"auto\"><\/div>\n<div dir=\"auto\"><\/div>\n<div dir=\"auto\"><strong>Ehrenvorsitzende des Ortsvereins N\u00f6rdliches Schwerte und Holzen :<\/strong><\/div>\n<div dir=\"auto\"><span style=\"color: #ff0000;\"><strong><br \/>\nReinhild Hoffmann<\/strong><\/span><\/div>\n<div dir=\"auto\"><\/div>\n<p><b>\u00a0 \u00a0 \u00a0 \u00a0 \u00a0 \u00a0 \u00a0 \u00a0 \u00a0 \u00a0 \u00a0 \u00a0 \u00a0 \u00a0 \u00a0 \u00a0 \u00a0 \u00a0 \u00a0 \u00a0 \u00a0 \u00a0 \u00a0 \u00a0 \u00a0 \u00a0 \u00a0 \u00a0 \u00a0 \u00a0 \u00a0 \u00a0 \u00a0 \u00a0 \u00a0 \u00a0 \u00a0 \u00a0 \u00a0 \u00a0 \u00a0 \u00a0 \u00a0 \u00a0 \u00a0 \u00a0 \u00a0 \u00a0 \u00a0 \u00a0 \u00a0 \u00a0 \u00a0 \u00a0 \u00a0 \u00a0 \u00a0 \u00a0 \u00a0 \u00a0 \u00a0 \u00a0 \u00a0 \u00a0 \u00a0 \u00a0 \u00a0 \u00a0 \u00a0 \u00a0 \u00a0 \u00a0 \u00a0\u00a0<\/b><\/p>\n<p>&nbsp;<\/p>\n<p>&nbsp;<\/p>\n","protected":false},"excerpt":{"rendered":"<p>Vorsitzender Jens Krammenschneider-Hunscha stellvertretender Vorsitzender Marc Seelbach stellvertretende Vorsitzende Afitap Bozkurt-Ogniwek Kassiererin Angelika Schr\u00f6der Susanne Grocholl und Jochen Schlechtinger wurden f\u00fcr die Kassenpr\u00fcfung gew\u00e4hlt. Schriftf\u00fchrer Patrick Neumann Stellv. Schriftf\u00fchrer Kai Ogniwek Internetbeauftragter\/ Soziale Medien\/\u00a0 Uwe G\u00f6rke-Gott Beisitzer*innen des Vorstands sind: Anna Koolmees, Elke Haarmann, Georg Grocholl, Karl Materla, Kathrin Hinz, Reinhild Hoffmann und Ulrike Radix. [&hellip;]<\/p>\n","protected":false},"author":4,"featured_media":0,"parent":0,"menu_order":4,"comment_status":"closed","ping_status":"open","template":"","meta":{"footnotes":""},"class_list":["post-24","page","type-page","status-publish","hentry"],"_links":{"self":[{"href":"https:\/\/www.spd-ortsverein-noerdliches-schwerte-holzen.de\/index.php?rest_route=\/wp\/v2\/pages\/24","targetHints":{"allow":["GET"]}}],"collection":[{"href":"https:\/\/www.spd-ortsverein-noerdliches-schwerte-holzen.de\/index.php?rest_route=\/wp\/v2\/pages"}],"about":[{"href":"https:\/\/www.spd-ortsverein-noerdliches-schwerte-holzen.de\/index.php?rest_route=\/wp\/v2\/types\/page"}],"author":[{"embeddable":true,"href":"https:\/\/www.spd-ortsverein-noerdliches-schwerte-holzen.de\/index.php?rest_route=\/wp\/v2\/users\/4"}],"replies":[{"embeddable":true,"href":"https:\/\/www.spd-ortsverein-noerdliches-schwerte-holzen.de\/index.php?rest_route=%2Fwp%2Fv2%2Fcomments&post=24"}],"version-history":[{"count":12,"href":"https:\/\/www.spd-ortsverein-noerdliches-schwerte-holzen.de\/index.php?rest_route=\/wp\/v2\/pages\/24\/revisions"}],"predecessor-version":[{"id":8114,"href":"https:\/\/www.spd-ortsverein-noerdliches-schwerte-holzen.de\/index.php?rest_route=\/wp\/v2\/pages\/24\/revisions\/8114"}],"wp:attachment":[{"href":"https:\/\/www.spd-ortsverein-noerdliches-schwerte-holzen.de\/index.php?rest_route=%2Fwp%2Fv2%2Fmedia&parent=24"}],"curies":[{"name":"wp","href":"https:\/\/api.w.org\/{rel}","templated":true}]}}